{"id":7622,"date":"2025-06-22T15:49:26","date_gmt":"2025-06-22T15:49:26","guid":{"rendered":"https:\/\/rekraftbags.com\/?page_id=7622"},"modified":"2025-06-27T06:47:39","modified_gmt":"2025-06-27T06:47:39","slug":"certificates","status":"publish","type":"page","link":"https:\/\/www.rekraftbags.com\/de\/certificates\/","title":{"rendered":"ZERTIFIKATE"},"content":{"rendered":"<div class=\"wp-block-media-text is-stacked-on-mobile\"><figure class=\"wp-block-media-text__media\"><img decoding=\"async\" width=\"1024\" height=\"683\" src=\"https:\/\/www.rekraftbags.com\/wp-content\/uploads\/2025\/06\/Forest-Slider-3-1-1024x683.webp\" alt=\"\" class=\"wp-image-7630 size-full\"\/><\/figure><div class=\"wp-block-media-text__content\">\n<p>Wir legen Wert auf Qualit\u00e4t, Compliance und Nachhaltigkeit. Folgende Zertifikate k\u00f6nnen von unserem Fertigungspartner auf Anfrage zur Verf\u00fcgung gestellt werden:<\/p>\n\n\n\n<ul class=\"wp-block-list\">\n<li><strong>\u00ae FSC-Zertifizierung<\/strong> - Verantwortungsvolle Waldbewirtschaftung<\/li>\n\n\n\n<li><strong>ISO 9001<\/strong> - Qualit\u00e4tsmanagementsystem<\/li>\n\n\n\n<li><strong>ISO 14001<\/strong> - Umweltmanagementsystem<\/li>\n\n\n\n<li><strong>TSE-Zertifikat<\/strong> - Einhaltung der Vorschriften durch die t\u00fcrkische Normungsbeh\u00f6rde<\/li>\n\n\n\n<li><strong>Deklaration recycelbarer Produkte<\/strong><\/li>\n<\/ul>\n\n\n\n<p>Wenn Ihr Unternehmen spezielle Zertifizierungen f\u00fcr Ihre Bestellungen verlangt, teilen Sie uns dies bitte w\u00e4hrend des Angebotsprozesses mit. Wir stellen sicher, dass alle erforderlichen Unterlagen zur Verf\u00fcgung gestellt werden<\/p>\n<\/div><\/div>\n\n\n\n<p><\/p>","protected":false},"excerpt":{"rendered":"","protected":false},"author":1,"featured_media":0,"parent":0,"menu_order":0,"comment_status":"closed","ping_status":"closed","template":"","meta":{"om_disable_all_campaigns":false,"_surecart_dashboard_logo_width":"180px","_surecart_dashboard_show_logo":true,"_surecart_dashboard_navigation_orders":true,"_surecart_dashboard_navigation_invoices":true,"_surecart_dashboard_navigation_subscriptions":true,"_surecart_dashboard_navigation_downloads":true,"_surecart_dashboard_navigation_billing":true,"_surecart_dashboard_navigation_account":true,"_uag_custom_page_level_css":"","site-sidebar-layout":"default","site-content-layout":"","ast-site-content-layout":"default","site-content-style":"default","site-sidebar-style":"default","ast-global-header-display":"","ast-banner-title-visibility":"","ast-main-header-display":"","ast-hfb-above-header-display":"","ast-hfb-below-header-display":"","ast-hfb-mobile-header-display":"","site-post-title":"","ast-breadcrumbs-content":"","ast-featured-img":"","footer-sml-layout":"","theme-transparent-header-meta":"","adv-header-id-meta":"","stick-header-meta":"","header-above-stick-meta":"","header-main-stick-meta":"","header-below-stick-meta":"","astra-migrate-meta-layouts":"set","ast-page-background-enabled":"default","ast-page-background-meta":{"desktop":{"background-color":"","background-image":"","background-repeat":"repeat","background-position":"center center","background-size":"auto","background-attachment":"scroll","background-type":"","background-media":"","overlay-type":"","overlay-color":"","overlay-opacity":"","overlay-gradient":""},"tablet":{"background-color":"","background-image":"","background-repeat":"repeat","background-position":"center center","background-size":"auto","background-attachment":"scroll","background-type":"","background-media":"","overlay-type":"","overlay-color":"","overlay-opacity":"","overlay-gradient":""},"mobile":{"background-color":"","background-image":"","background-repeat":"repeat","background-position":"center center","background-size":"auto","background-attachment":"scroll","background-type":"","background-media":"","overlay-type":"","overlay-color":"","overlay-opacity":"","overlay-gradient":""}},"ast-content-background-meta":{"desktop":{"background-color":"var(--ast-global-color-5)","background-image":"","background-repeat":"repeat","background-position":"center center","background-size":"auto","background-attachment":"scroll","background-type":"","background-media":"","overlay-type":"","overlay-color":"","overlay-opacity":"","overlay-gradient":""},"tablet":{"background-color":"var(--ast-global-color-5)","background-image":"","background-repeat":"repeat","background-position":"center center","background-size":"auto","background-attachment":"scroll","background-type":"","background-media":"","overlay-type":"","overlay-color":"","overlay-opacity":"","overlay-gradient":""},"mobile":{"background-color":"var(--ast-global-color-5)","background-image":"","background-repeat":"repeat","background-position":"center center","background-size":"auto","background-attachment":"scroll","background-type":"","background-media":"","overlay-type":"","overlay-color":"","overlay-opacity":"","overlay-gradient":""}},"footnotes":""},"class_list":["post-7622","page","type-page","status-publish","hentry"],"aioseo_notices":[],"uagb_featured_image_src":{"full":false,"thumbnail":false,"medium":false,"medium_large":false,"large":false,"1536x1536":false,"2048x2048":false,"trp-custom-language-flag":false,"woocommerce_thumbnail":false,"woocommerce_single":false,"woocommerce_gallery_thumbnail":false},"uagb_author_info":{"display_name":"ReKraftBags","author_link":"https:\/\/www.rekraftbags.com\/de\/author\/mertbodurhotmail-com\/"},"uagb_comment_info":0,"uagb_excerpt":null,"_links":{"self":[{"href":"https:\/\/www.rekraftbags.com\/de\/wp-json\/wp\/v2\/pages\/7622","targetHints":{"allow":["GET"]}}],"collection":[{"href":"https:\/\/www.rekraftbags.com\/de\/wp-json\/wp\/v2\/pages"}],"about":[{"href":"https:\/\/www.rekraftbags.com\/de\/wp-json\/wp\/v2\/types\/page"}],"author":[{"embeddable":true,"href":"https:\/\/www.rekraftbags.com\/de\/wp-json\/wp\/v2\/users\/1"}],"replies":[{"embeddable":true,"href":"https:\/\/www.rekraftbags.com\/de\/wp-json\/wp\/v2\/comments?post=7622"}],"version-history":[{"count":3,"href":"https:\/\/www.rekraftbags.com\/de\/wp-json\/wp\/v2\/pages\/7622\/revisions"}],"predecessor-version":[{"id":7716,"href":"https:\/\/www.rekraftbags.com\/de\/wp-json\/wp\/v2\/pages\/7622\/revisions\/7716"}],"wp:attachment":[{"href":"https:\/\/www.rekraftbags.com\/de\/wp-json\/wp\/v2\/media?parent=7622"}],"curies":[{"name":"wp","href":"https:\/\/api.w.org\/{rel}","templated":true}]}}