{"id":4392,"date":"2025-06-19T09:57:28","date_gmt":"2025-06-19T09:57:28","guid":{"rendered":"https:\/\/rekraftbags.com\/about\/"},"modified":"2025-08-11T10:06:52","modified_gmt":"2025-08-11T10:06:52","slug":"about","status":"publish","type":"page","link":"https:\/\/www.rekraftbags.com\/de\/about\/","title":{"rendered":"\u00dcBER UNS"},"content":{"rendered":"<div class=\"wp-block-uagb-container uagb-block-4d8a2e6f alignfull uagb-is-root-container\"><div class=\"uagb-container-inner-blocks-wrap\">\n<div class=\"wp-block-uagb-advanced-heading uagb-block-25607b45\"><h1 class=\"uagb-heading-text\">\u00dcBER UNS<\/h1><\/div>\n<\/div><\/div>\n\n\n\n<div class=\"wp-block-uagb-container uagb-block-0adc3ca7 alignfull uagb-is-root-container\"><div class=\"uagb-container-inner-blocks-wrap\">\n<div class=\"wp-block-uagb-container uagb-block-4f6593eb\">\n<div class=\"wp-block-uagb-container uagb-block-8ebc0603\">\n<div class=\"wp-block-uagb-info-box uagb-block-e67622cd uagb-infobox__content-wrap  uagb-infobox-icon-above-title uagb-infobox-image-valign-top\"><div class=\"uagb-ifb-content\"><div class=\"uagb-ifb-title-wrap\"><div class=\"uagb-ifb-separator\"><\/div><h2 class=\"uagb-ifb-title\">Wer wir sind<\/h2><\/div><p class=\"uagb-ifb-desc\">Bei ReKraftBags glauben wir an Verpackungen mit Zweck. Mit Sitz in der T\u00fcrkei haben wir uns auf die Herstellung umweltfreundlicher Kraftpapiert\u00fcten spezialisiert, die Langlebigkeit, Einfachheit und Nachhaltigkeit vereinen.<br>Mit jahrelanger Erfahrung in der Papierverpackungsindustrie widmet sich unser Team der Entwicklung hochwertiger, anpassbarer L\u00f6sungen f\u00fcr Unternehmen weltweit. Von kleinen Boutiquen bis hin zu gro\u00dfen Einzelh\u00e4ndlern unterst\u00fctzen wir unsere Kunden mit zuverl\u00e4ssigem Service, schneller Produktion und umweltvertr\u00e4glichen Produkten.<br><\/p><\/div><\/div>\n<\/div>\n\n\n\n<div class=\"wp-block-uagb-container uagb-block-f54f5c23\"><\/div>\n<\/div>\n<\/div><\/div>\n\n\n\n<div class=\"wp-block-uagb-container uagb-block-8028d7d5 alignfull uagb-is-root-container\"><div class=\"uagb-container-inner-blocks-wrap\">\n<div class=\"wp-block-uagb-container uagb-block-ebba768a\">\n<div class=\"wp-block-uagb-info-box uagb-block-9572d2d0 uagb-infobox__content-wrap  uagb-infobox-icon-above-title uagb-infobox-image-valign-top\"><div class=\"uagb-ifb-content\"><div class=\"uagb-ifb-icon-wrap\"><svg xmlns=\"https:\/\/www.w3.org\/2000\/svg\" viewbox=\"0 0 512 512\"><path d=\"M352 256C352 278.2 350.8 299.6 348.7 320H163.3C161.2 299.6 159.1 278.2 159.1 256C159.1 233.8 161.2 212.4 163.3 192H348.7C350.8 212.4 352 233.8 352 256zM503.9 192C509.2 212.5 512 233.9 512 256C512 278.1 509.2 299.5 503.9 320H380.8C382.9 299.4 384 277.1 384 256C384 234 382.9 212.6 380.8 192H503.9zM493.4 160H376.7C366.7 96.14 346.9 42.62 321.4 8.442C399.8 29.09 463.4 85.94 493.4 160zM344.3 160H167.7C173.8 123.6 183.2 91.38 194.7 65.35C205.2 41.74 216.9 24.61 228.2 13.81C239.4 3.178 248.7 0 256 0C263.3 0 272.6 3.178 283.8 13.81C295.1 24.61 306.8 41.74 317.3 65.35C328.8 91.38 338.2 123.6 344.3 160H344.3zM18.61 160C48.59 85.94 112.2 29.09 190.6 8.442C165.1 42.62 145.3 96.14 135.3 160H18.61zM131.2 192C129.1 212.6 127.1 234 127.1 256C127.1 277.1 129.1 299.4 131.2 320H8.065C2.8 299.5 0 278.1 0 256C0 233.9 2.8 212.5 8.065 192H131.2zM194.7 446.6C183.2 420.6 173.8 388.4 167.7 352H344.3C338.2 388.4 328.8 420.6 317.3 446.6C306.8 470.3 295.1 487.4 283.8 498.2C272.6 508.8 263.3 512 255.1 512C248.7 512 239.4 508.8 228.2 498.2C216.9 487.4 205.2 470.3 194.7 446.6H194.7zM190.6 503.6C112.2 482.9 48.59 426.1 18.61 352H135.3C145.3 415.9 165.1 469.4 190.6 503.6V503.6zM321.4 503.6C346.9 469.4 366.7 415.9 376.7 352H493.4C463.4 426.1 399.8 482.9 321.4 503.6V503.6z\"><\/path><\/svg><\/div><div class=\"uagb-ifb-title-wrap\"><h6 class=\"uagb-ifb-title\">WELTWEITER VERSAND<\/h6><\/div><p class=\"uagb-ifb-desc\">Wir bieten einen schnellen und zuverl\u00e4ssigen weltweiten Versand und stellen sicher, dass Ihre Bestellung sicher und p\u00fcnktlich ankommt.<\/p><\/div><\/div>\n<\/div>\n\n\n\n<div class=\"wp-block-uagb-container uagb-block-a757c7a0\">\n<div class=\"wp-block-uagb-info-box uagb-block-e936abc7 uagb-infobox__content-wrap  uagb-infobox-icon-above-title uagb-infobox-image-valign-top\"><div class=\"uagb-ifb-content\"><div class=\"uagb-ifb-icon-wrap\"><svg xmlns=\"https:\/\/www.w3.org\/2000\/svg\" viewbox=\"0 0 448 512\"><path d=\"M438.6 105.4C451.1 117.9 451.1 138.1 438.6 150.6L182.6 406.6C170.1 419.1 149.9 419.1 137.4 406.6L9.372 278.6C-3.124 266.1-3.124 245.9 9.372 233.4C21.87 220.9 42.13 220.9 54.63 233.4L159.1 338.7L393.4 105.4C405.9 92.88 426.1 92.88 438.6 105.4H438.6z\"><\/path><\/svg><\/div><div class=\"uagb-ifb-title-wrap\"><h6 class=\"uagb-ifb-title\">BESTE QUALIT\u00c4T<\/h6><\/div><p class=\"uagb-ifb-desc\">Wir sind bestrebt, Produkte von h\u00f6chster Qualit\u00e4t zu liefern, die mit Sorgfalt hergestellt werden und auf Langlebigkeit ausgelegt sind. Exzellenz ist unser Anspruch.<\/p><\/div><\/div>\n<\/div>\n\n\n\n<div class=\"wp-block-uagb-container uagb-block-19d6aefb\">\n<div class=\"wp-block-uagb-info-box uagb-block-63ed8b10 uagb-infobox__content-wrap  uagb-infobox-icon-above-title uagb-infobox-image-valign-top\"><div class=\"uagb-ifb-content\"><div class=\"uagb-ifb-icon-wrap\"><svg xmlns=\"https:\/\/www.w3.org\/2000\/svg\" viewbox=\"0 0 448 512\"><path d=\"M48 32H197.5C214.5 32 230.7 38.74 242.7 50.75L418.7 226.7C443.7 251.7 443.7 292.3 418.7 317.3L285.3 450.7C260.3 475.7 219.7 475.7 194.7 450.7L18.75 274.7C6.743 262.7 0 246.5 0 229.5V80C0 53.49 21.49 32 48 32L48 32zM112 176C129.7 176 144 161.7 144 144C144 126.3 129.7 112 112 112C94.33 112 80 126.3 80 144C80 161.7 94.33 176 112 176z\"><\/path><\/svg><\/div><div class=\"uagb-ifb-title-wrap\"><h6 class=\"uagb-ifb-title\">BESTE ANGEBOTE<\/h6><\/div><p class=\"uagb-ifb-desc\">Holen Sie sich das beste Preis-Leistungs-Verh\u00e4ltnis mit unseren exklusiven Angeboten und unschlagbaren Preisen \u2013 Premium-Qualit\u00e4t zum richtigen Preis.<\/p><\/div><\/div>\n<\/div>\n\n\n\n<div class=\"wp-block-uagb-container uagb-block-5c93bc5f\">\n<div class=\"wp-block-uagb-info-box uagb-block-d6827ea3 uagb-infobox__content-wrap  uagb-infobox-icon-above-title uagb-infobox-image-valign-top\"><div class=\"uagb-ifb-content\"><div class=\"uagb-ifb-icon-wrap\"><svg xmlns=\"https:\/\/www.w3.org\/2000\/svg\" viewbox=\"0 0 512 512\"><path d=\"M180.2 243.1C185 263.9 162.2 280.2 144.1 268.8L119.8 253.6l-50.9 81.43c-13.33 21.32 2.004 48.98 27.15 48.98h32.02c17.64 0 31.98 14.32 31.98 31.96c0 17.64-14.34 32.05-31.98 32.05H96.15c-75.36 0-121.3-82.84-81.47-146.8L65.51 219.8L41.15 204.5C23.04 193.1 27.66 165.5 48.48 160.7l91.43-21.15C148.5 137.7 157.2 142.9 159.2 151.6L180.2 243.1zM283.1 78.96l41.25 66.14l-24.25 15.08c-18.16 11.31-13.57 38.94 7.278 43.77l91.4 21.15c8.622 1.995 17.23-3.387 19.21-12.01l21.04-91.43c4.789-20.81-17.95-37.05-36.07-25.76l-24.36 15.2L337.4 45.14c-37.58-60.14-125.2-60.18-162.8-.0617L167.2 56.9C157.9 71.75 162.5 91.58 177.3 100.9c14.92 9.359 34.77 4.886 44.11-10.04l7.442-11.89C241.6 58.58 270.9 59.33 283.1 78.96zM497.3 301.3l-16.99-27.26c-9.336-14.98-29.06-19.56-44.04-10.21c-14.94 9.318-19.52 29.15-10.18 44.08l16.99 27.15c13.35 21.32-1.984 49-27.14 49h-95.99l.0234-28.74c0-21.38-25.85-32.09-40.97-16.97l-66.41 66.43c-6.222 6.223-6.222 16.41 .0044 22.63l66.42 66.34c15.12 15.1 40.95 4.386 40.95-16.98l-.0234-28.68h95.86C491.2 448.1 537.2 365.2 497.3 301.3z\"><\/path><\/svg><\/div><div class=\"uagb-ifb-title-wrap\"><h6 class=\"uagb-ifb-title\">NACHHALTIGKEIT<\/h6><\/div><p class=\"uagb-ifb-desc\">Wir legen bei jedem Schritt Wert auf Nachhaltigkeit \u2013 wir verwenden umweltfreundliche Materialien und verantwortungsvolle Praktiken, um unsere Umweltbelastung zu reduzieren.<\/p><\/div><\/div>\n<\/div>\n<\/div><\/div>\n\n\n\n<div class=\"wp-block-uagb-container uagb-block-ff349878 alignfull uagb-is-root-container\"><div class=\"uagb-container-inner-blocks-wrap\">\n<div class=\"wp-block-uagb-container uagb-block-fc62290a\">\n<h3 class=\"wp-block-heading alignwide has-text-align-center\">Fast &amp; Reliable Stock Solutions<\/h3>\n\n\n\n<p class=\"has-text-align-center\">We provide fast delivery from stock with reliable and well-organized warehouse services. Our storage system keeps your products safe, easy to find, and ready to ship at any time. With accurate stock control and quick handling, we help you save time and keep your business running smoothly.<\/p>\n<\/div>\n<\/div><\/div>\n\n\n\n<p><\/p>","protected":false},"excerpt":{"rendered":"<p>About Us Fast &amp; Reliable Stock Solutions We provide fast delivery from stock with reliable and well-organized warehouse services. Our storage system keeps your products safe, easy to find, and ready to ship at any time. With accurate stock control and quick handling, we help you save time and keep your business running smoothly.<\/p>","protected":false},"author":1,"featured_media":0,"parent":0,"menu_order":0,"comment_status":"closed","ping_status":"closed","template":"","meta":{"om_disable_all_campaigns":false,"_surecart_dashboard_logo_width":"180px","_surecart_dashboard_show_logo":true,"_surecart_dashboard_navigation_orders":true,"_surecart_dashboard_navigation_invoices":true,"_surecart_dashboard_navigation_subscriptions":true,"_surecart_dashboard_navigation_downloads":true,"_surecart_dashboard_navigation_billing":true,"_surecart_dashboard_navigation_account":true,"_uag_custom_page_level_css":"","site-sidebar-layout":"no-sidebar","site-content-layout":"plain-container","ast-site-content-layout":"normal-width-container","site-content-style":"unboxed","site-sidebar-style":"unboxed","ast-global-header-display":"","ast-banner-title-visibility":"","ast-main-header-display":"","ast-hfb-above-header-display":"","ast-hfb-below-header-display":"","ast-hfb-mobile-header-display":"","site-post-title":"disabled","ast-breadcrumbs-content":"","ast-featured-img":"","footer-sml-layout":"","theme-transparent-header-meta":"enabled","adv-header-id-meta":"","stick-header-meta":"","header-above-stick-meta":"","header-main-stick-meta":"","header-below-stick-meta":"","astra-migrate-meta-layouts":"set","ast-page-background-enabled":"default","ast-page-background-meta":{"desktop":{"background-color":"","background-image":"","background-repeat":"repeat","background-position":"center center","background-size":"auto","background-attachment":"scroll","background-type":"","background-media":"","overlay-type":"","overlay-color":"","overlay-opacity":"","overlay-gradient":""},"tablet":{"background-color":"","background-image":"","background-repeat":"repeat","background-position":"center center","background-size":"auto","background-attachment":"scroll","background-type":"","background-media":"","overlay-type":"","overlay-color":"","overlay-opacity":"","overlay-gradient":""},"mobile":{"background-color":"","background-image":"","background-repeat":"repeat","background-position":"center center","background-size":"auto","background-attachment":"scroll","background-type":"","background-media":"","overlay-type":"","overlay-color":"","overlay-opacity":"","overlay-gradient":""}},"ast-content-background-meta":{"desktop":{"background-color":"var(--ast-global-color-5)","background-image":"","background-repeat":"repeat","background-position":"center center","background-size":"auto","background-attachment":"scroll","background-type":"","background-media":"","overlay-type":"","overlay-color":"","overlay-opacity":"","overlay-gradient":""},"tablet":{"background-color":"var(--ast-global-color-5)","background-image":"","background-repeat":"repeat","background-position":"center center","background-size":"auto","background-attachment":"scroll","background-type":"","background-media":"","overlay-type":"","overlay-color":"","overlay-opacity":"","overlay-gradient":""},"mobile":{"background-color":"var(--ast-global-color-5)","background-image":"","background-repeat":"repeat","background-position":"center center","background-size":"auto","background-attachment":"scroll","background-type":"","background-media":"","overlay-type":"","overlay-color":"","overlay-opacity":"","overlay-gradient":""}},"footnotes":""},"class_list":["post-4392","page","type-page","status-publish","hentry"],"aioseo_notices":[],"uagb_featured_image_src":{"full":false,"thumbnail":false,"medium":false,"medium_large":false,"large":false,"1536x1536":false,"2048x2048":false,"trp-custom-language-flag":false,"woocommerce_thumbnail":false,"woocommerce_single":false,"woocommerce_gallery_thumbnail":false},"uagb_author_info":{"display_name":"ReKraftBags","author_link":"https:\/\/www.rekraftbags.com\/de\/author\/mertbodurhotmail-com\/"},"uagb_comment_info":0,"uagb_excerpt":"About Us Fast &amp; Reliable Stock Solutions We provide fast delivery from stock with reliable and well-organized warehouse services. Our storage system keeps your products safe, easy to find, and ready to ship at any time. With accurate stock control and quick handling, we help you save time and keep your business running smoothly.","_links":{"self":[{"href":"https:\/\/www.rekraftbags.com\/de\/wp-json\/wp\/v2\/pages\/4392","targetHints":{"allow":["GET"]}}],"collection":[{"href":"https:\/\/www.rekraftbags.com\/de\/wp-json\/wp\/v2\/pages"}],"about":[{"href":"https:\/\/www.rekraftbags.com\/de\/wp-json\/wp\/v2\/types\/page"}],"author":[{"embeddable":true,"href":"https:\/\/www.rekraftbags.com\/de\/wp-json\/wp\/v2\/users\/1"}],"replies":[{"embeddable":true,"href":"https:\/\/www.rekraftbags.com\/de\/wp-json\/wp\/v2\/comments?post=4392"}],"version-history":[{"count":14,"href":"https:\/\/www.rekraftbags.com\/de\/wp-json\/wp\/v2\/pages\/4392\/revisions"}],"predecessor-version":[{"id":7739,"href":"https:\/\/www.rekraftbags.com\/de\/wp-json\/wp\/v2\/pages\/4392\/revisions\/7739"}],"wp:attachment":[{"href":"https:\/\/www.rekraftbags.com\/de\/wp-json\/wp\/v2\/media?parent=4392"}],"curies":[{"name":"wp","href":"https:\/\/api.w.org\/{rel}","templated":true}]}}